{"id":3385,"date":"2021-02-07T19:22:23","date_gmt":"2021-02-07T17:22:23","guid":{"rendered":"https:\/\/petinstitute.org\/product\/hokus-pokus-fokus\/"},"modified":"2021-02-07T19:22:23","modified_gmt":"2021-02-07T17:22:23","slug":"hokus-pokus-fokus","status":"publish","type":"product","link":"https:\/\/petinstitute.org\/en\/shop\/hokus-pokus-fokus\/","title":{"rendered":"Hokus, pokus &#8211; Fokus!"},"content":{"rendered":"<p>Jedno od naj\u010de\u0161\u0107ih pitanja vlasnika jeste kako da ih njihov pas bolje slu\u0161a tokom \u0161etnje.\u00a0 Me\u0111utim, \u017eelja psa da vas slu\u0161a u \u0161etnji se izgra\u0111uje mnogo pre same \u0161etnje . Za to je potrebno &#8211; adekvatna oprema, adekvatne nagrade sa pravilnim nagra\u0111ivanjem, pravilna postavka treninga i adekvatne tehnike treninga.\u00a0 Kada sve to skupite na jednom mestu dobijete &#8220;Hokus, pokus &#8211; Fokus!&#8221; . Brzo , lako i zabavno u\u010denje kroz igru je put do uspeha!<\/p>\n","protected":false},"excerpt":{"rendered":"<p>Za harmoni\u010dan odnos sa va\u0161im psom, poklon bro\u0161ura za sve vlasnike!<br \/>\nRecite hokus- pokus, i eto Fokus!<\/p>\n","protected":false},"featured_media":0,"comment_status":"open","ping_status":"closed","template":"","meta":{"om_disable_all_campaigns":false,"_monsterinsights_skip_tracking":false,"_monsterinsights_sitenote_active":false,"_monsterinsights_sitenote_note":"","_monsterinsights_sitenote_category":0},"product_brand":[],"product_cat":[],"product_tag":[],"class_list":{"0":"post-3385","1":"product","2":"type-product","3":"status-publish","6":"first","7":"instock","8":"shipping-taxable","9":"product-type-simple"},"aioseo_notices":[],"_links":{"self":[{"href":"https:\/\/petinstitute.org\/en\/wp-json\/wp\/v2\/product\/3385","targetHints":{"allow":["GET"]}}],"collection":[{"href":"https:\/\/petinstitute.org\/en\/wp-json\/wp\/v2\/product"}],"about":[{"href":"https:\/\/petinstitute.org\/en\/wp-json\/wp\/v2\/types\/product"}],"replies":[{"embeddable":true,"href":"https:\/\/petinstitute.org\/en\/wp-json\/wp\/v2\/comments?post=3385"}],"wp:attachment":[{"href":"https:\/\/petinstitute.org\/en\/wp-json\/wp\/v2\/media?parent=3385"}],"wp:term":[{"taxonomy":"product_brand","embeddable":true,"href":"https:\/\/petinstitute.org\/en\/wp-json\/wp\/v2\/product_brand?post=3385"},{"taxonomy":"product_cat","embeddable":true,"href":"https:\/\/petinstitute.org\/en\/wp-json\/wp\/v2\/product_cat?post=3385"},{"taxonomy":"product_tag","embeddable":true,"href":"https:\/\/petinstitute.org\/en\/wp-json\/wp\/v2\/product_tag?post=3385"}],"curies":[{"name":"wp","href":"https:\/\/api.w.org\/{rel}","templated":true}]}}